{"id":362,"date":"2022-06-30T06:40:29","date_gmt":"2022-06-30T06:40:29","guid":{"rendered":"https:\/\/krankenhauszubehoer.de\/?page_id=362"},"modified":"2022-06-30T06:42:30","modified_gmt":"2022-06-30T06:42:30","slug":"agb","status":"publish","type":"page","link":"https:\/\/alt-krankenhaus-rollentechnik.de\/?page_id=362","title":{"rendered":"AGB"},"content":{"rendered":"\n<figure class=\"wp-block-table\"><table><tbody><tr><td>Krankenhaus-Rollentechnik Norbert Alt, Burger Stra\u00dfe 28, 42929 Wermelskirchen<br>Telefon 0 21 96 \/ 20 36, Telefax 0 21 96 \/ 9 57 00<\/td><\/tr><tr><td>(Stand: 01.07.2022)<br><br><strong>LIEFERUNG NUR F\u00dcR DEN GEWERBLICHEN BEDARF<\/strong><br><br><strong>1. Vertragsschluss<\/strong><br>Der Besteller gibt durch eine Bestellung per E-Mail, Fax oder Telefon ein verbindliches Kaufangebot ab. Unsere Angebote sind freibleibend. Angebote des Bestellers sind angenommen, wenn wir sie schriftlich best\u00e4tigt oder die Lieferung oder Leistung ausgef\u00fchrt haben. Die Bestellannahme erfolgt unter dem Vorbehalt der Warenverf\u00fcgbarkeit. Sollte die Ware nicht verf\u00fcgbar sein, so wird der Besteller unverz\u00fcglich dar\u00fcber informiert. Eine Eingangsbest\u00e4tigungsmail, die sofort nach Eingang der Bestellung automatisch durch das System generiert und versandt wird stellt keine verbindliche Annahme des Angebots dar. Im Rahmen des Bestellvorgangs liegt das Risiko einer nicht aufkl\u00e4rbaren, fehlerhaften \u00dcbermittlung beim Besteller.<br><br><strong>2. Lieferung<\/strong><br>Die ca. Lieferzeiten entnehmen Sie bitte unserer Best\u00e4tigung.<br><br><strong>3. Preise<\/strong><br>Entnehmen Sie bitte unserer separaten Rechnung.<br><br><strong>4. Zahlung<\/strong><br>Entnehmen Sie bitte unserer separaten Rechnung.<br><br><strong>5. Eigentumsvorbehalt<\/strong><br>Bis zur vollst\u00e4ndigen Bezahlung bleibt die Ware unser Eigentum.<br><br><strong>6. Datenschutz<\/strong><br>Alle personenbezogenen Daten werden grunds\u00e4tzlich vertraulich behandelt. Adress- und Bestelldaten werden f\u00fcr eigene und fremde Marketingzwecke erhoben, verarbeitet und an Dritte weiter gegeben. Bei der Datenverarbeitung werden Ihre schutzw\u00fcrdigen Belange gem\u00e4\u00df den gesetzlichen Bestimmungen ber\u00fccksichtigt.<br>Hinweis: Sie k\u00f6nnen der Nutzung, Verarbeitung bzw. \u00dcbermittlung Ihrer Daten zu Marketingzwecken jederzeit durch Mitteilung an uns widersprechen bzw. Ihre Einwilligung widerrufen.<br><br><strong>7. R\u00fcckgaberecht<\/strong><br>Das R\u00fcckgaberecht erlischt sp\u00e4testens 2 Wochen nach Erhalt der Ware und kann wirksam nur ausge\u00fcbt werden durch fristgerechte R\u00fccksendung, ma\u00dfgeblich ist das Eintreffen der Ware in vollst\u00e4ndiger Originalverpackung in unver\u00e4ndertem, insbesondere unbesch\u00e4digtem, Neuzustand bei uns. Die R\u00fccksendung erfolgt auf Kosten und Gefahr des Bestellers. Dieser wird in seinem eigenen Interesse den sichersten Transportweg w\u00e4hlen und f\u00fcr eine ausreichende Versicherung sorgen. Teilr\u00fcckgaben von Lieferungen bed\u00fcrfen gesonderter Vereinbarung.<\/td><\/tr><\/tbody><\/table><\/figure>\n","protected":false},"excerpt":{"rendered":"<p>Krankenhaus-Rollentechnik Norbert Alt, Burger Stra\u00dfe 28, 42929 WermelskirchenTelefon 0 21 96 \/ 20 36, Telefax 0 21 96 \/ 9 57 00 (Stand: 01.07.2022) LIEFERUNG NUR F\u00dcR DEN GEWERBLICHEN BEDARF 1. VertragsschlussDer Besteller gibt durch eine Bestellung per E-Mail, Fax oder Telefon ein verbindliches Kaufangebot ab. Unsere Angebote sind freibleibend. Angebote des Bestellers sind angenommen, [&hellip;]<\/p>\n","protected":false},"author":1,"featured_media":0,"parent":0,"menu_order":0,"comment_status":"closed","ping_status":"closed","template":"","meta":[],"_links":{"self":[{"href":"https:\/\/alt-krankenhaus-rollentechnik.de\/index.php?rest_route=\/wp\/v2\/pages\/362"}],"collection":[{"href":"https:\/\/alt-krankenhaus-rollentechnik.de\/index.php?rest_route=\/wp\/v2\/pages"}],"about":[{"href":"https:\/\/alt-krankenhaus-rollentechnik.de\/index.php?rest_route=\/wp\/v2\/types\/page"}],"author":[{"embeddable":true,"href":"https:\/\/alt-krankenhaus-rollentechnik.de\/index.php?rest_route=\/wp\/v2\/users\/1"}],"replies":[{"embeddable":true,"href":"https:\/\/alt-krankenhaus-rollentechnik.de\/index.php?rest_route=%2Fwp%2Fv2%2Fcomments&post=362"}],"version-history":[{"count":2,"href":"https:\/\/alt-krankenhaus-rollentechnik.de\/index.php?rest_route=\/wp\/v2\/pages\/362\/revisions"}],"predecessor-version":[{"id":365,"href":"https:\/\/alt-krankenhaus-rollentechnik.de\/index.php?rest_route=\/wp\/v2\/pages\/362\/revisions\/365"}],"wp:attachment":[{"href":"https:\/\/alt-krankenhaus-rollentechnik.de\/index.php?rest_route=%2Fwp%2Fv2%2Fmedia&parent=362"}],"curies":[{"name":"wp","href":"https:\/\/api.w.org\/{rel}","templated":true}]}}