{"id":19,"date":"2018-05-28T11:18:57","date_gmt":"2018-05-28T11:18:57","guid":{"rendered":"http:\/\/krankenhauszubehoer.de\/?page_id=19"},"modified":"2022-06-30T08:27:11","modified_gmt":"2022-06-30T08:27:11","slug":"infusionsstaender","status":"publish","type":"page","link":"https:\/\/alt-krankenhaus-rollentechnik.de\/?page_id=19","title":{"rendered":"Infusionsst\u00e4nder"},"content":{"rendered":"\n<p>Wir f\u00fchren Zubeh\u00f6r f\u00fcr alle g\u00e4ngigen Infusionsst\u00e4nder.<\/p>\n\n\n\n<p>Sprechen Sie uns hierf\u00fcr einfach an.<\/p>\n\n\n\n<p><\/p>\n\n\n\n<figure class=\"wp-container-2 wp-block-gallery-1 wp-block-gallery has-nested-images columns-default is-cropped\">\n<figure class=\"wp-block-image size-large\"><img loading=\"lazy\" width=\"180\" height=\"381\" data-id=\"476\"  src=\"https:\/\/krankenhauszubehoer.de\/wp-content\/uploads\/2022\/06\/na-0325-1.jpg\" alt=\"\" class=\"wp-image-476\" srcset=\"https:\/\/alt-krankenhaus-rollentechnik.de\/wp-content\/uploads\/2022\/06\/na-0325-1.jpg 180w, https:\/\/alt-krankenhaus-rollentechnik.de\/wp-content\/uploads\/2022\/06\/na-0325-1-142x300.jpg 142w\" sizes=\"(max-width: 180px) 100vw, 180px\" \/><\/figure>\n\n\n\n<figure class=\"wp-block-image size-large\"><img loading=\"lazy\" width=\"270\" height=\"180\" data-id=\"475\"  src=\"https:\/\/krankenhauszubehoer.de\/wp-content\/uploads\/2022\/06\/na-0140.jpg\" alt=\"\" class=\"wp-image-475\"\/><\/figure>\n\n\n\n<figure class=\"wp-block-image size-large\"><img loading=\"lazy\" width=\"270\" height=\"180\" data-id=\"472\"  src=\"https:\/\/krankenhauszubehoer.de\/wp-content\/uploads\/2022\/06\/na-0320.jpg\" alt=\"\" class=\"wp-image-472\"\/><\/figure>\n\n\n\n<figure class=\"wp-block-image size-large\"><img loading=\"lazy\" width=\"270\" height=\"180\" data-id=\"471\"  src=\"https:\/\/krankenhauszubehoer.de\/wp-content\/uploads\/2022\/06\/286a00G50aXGC.jpg\" alt=\"\" class=\"wp-image-471\"\/><\/figure>\n\n\n\n<figure class=\"wp-block-image size-large\"><img loading=\"lazy\" width=\"270\" height=\"180\" data-id=\"470\"  src=\"https:\/\/krankenhauszubehoer.de\/wp-content\/uploads\/2022\/06\/286b00G50aXGC.jpg\" alt=\"\" class=\"wp-image-470\"\/><\/figure>\n\n\n\n<figure class=\"wp-block-image size-large\"><img loading=\"lazy\" width=\"270\" height=\"180\" data-id=\"477\"  src=\"https:\/\/krankenhauszubehoer.de\/wp-content\/uploads\/2022\/06\/na-0068.jpg\" alt=\"\" class=\"wp-image-477\"\/><\/figure>\n\n\n\n<figure class=\"wp-block-image size-large\"><img loading=\"lazy\" width=\"270\" height=\"180\" data-id=\"474\"  src=\"https:\/\/krankenhauszubehoer.de\/wp-content\/uploads\/2022\/06\/na-0317-1.jpg\" alt=\"\" class=\"wp-image-474\"\/><\/figure>\n\n\n\n<figure class=\"wp-block-image size-large\"><img loading=\"lazy\" width=\"270\" height=\"180\" data-id=\"473\"  src=\"https:\/\/krankenhauszubehoer.de\/wp-content\/uploads\/2022\/06\/na-0319.jpg\" alt=\"\" class=\"wp-image-473\"\/><\/figure>\n<\/figure>\n","protected":false},"excerpt":{"rendered":"<p>Wir f\u00fchren Zubeh\u00f6r f\u00fcr alle g\u00e4ngigen Infusionsst\u00e4nder. Sprechen Sie uns hierf\u00fcr einfach an.<\/p>\n","protected":false},"author":1,"featured_media":0,"parent":0,"menu_order":0,"comment_status":"closed","ping_status":"closed","template":"","meta":[],"_links":{"self":[{"href":"https:\/\/alt-krankenhaus-rollentechnik.de\/index.php?rest_route=\/wp\/v2\/pages\/19"}],"collection":[{"href":"https:\/\/alt-krankenhaus-rollentechnik.de\/index.php?rest_route=\/wp\/v2\/pages"}],"about":[{"href":"https:\/\/alt-krankenhaus-rollentechnik.de\/index.php?rest_route=\/wp\/v2\/types\/page"}],"author":[{"embeddable":true,"href":"https:\/\/alt-krankenhaus-rollentechnik.de\/index.php?rest_route=\/wp\/v2\/users\/1"}],"replies":[{"embeddable":true,"href":"https:\/\/alt-krankenhaus-rollentechnik.de\/index.php?rest_route=%2Fwp%2Fv2%2Fcomments&post=19"}],"version-history":[{"count":3,"href":"https:\/\/alt-krankenhaus-rollentechnik.de\/index.php?rest_route=\/wp\/v2\/pages\/19\/revisions"}],"predecessor-version":[{"id":479,"href":"https:\/\/alt-krankenhaus-rollentechnik.de\/index.php?rest_route=\/wp\/v2\/pages\/19\/revisions\/479"}],"wp:attachment":[{"href":"https:\/\/alt-krankenhaus-rollentechnik.de\/index.php?rest_route=%2Fwp%2Fv2%2Fmedia&parent=19"}],"curies":[{"name":"wp","href":"https:\/\/api.w.org\/{rel}","templated":true}]}}