{"id":178,"date":"2022-06-27T09:34:10","date_gmt":"2022-06-27T09:34:10","guid":{"rendered":"http:\/\/krankenhauszubehoer.de\/?page_id=178"},"modified":"2022-06-29T07:03:35","modified_gmt":"2022-06-29T07:03:35","slug":"tente-rollen","status":"publish","type":"page","link":"https:\/\/alt-krankenhaus-rollentechnik.de\/?page_id=178","title":{"rendered":"Tente Rollen"},"content":{"rendered":"\n<p><\/p>\n\n\n\n<p><strong>Individuelle Ma\u00dfanfertigungen vom Rollenhersteller TENTE<\/strong><\/p>\n\n\n\n<p>Die R\u00e4der und Rollen werden aus hochwertigen Materialien wie Vollgummi oder Kunststoff gefertigt. Dabei agiert Tente Rollen stets zukunftsorientiert und achtet auf eine vorausschauende und nachhaltige Produktion mit umweltschonenden Materialien. <\/p>\n\n\n\n<h2>TENTE Institutional<\/h2>\n\n\n\n<p>Schick am Designerstuhl, unverw\u00fcstlich am Einkaufswagen, beweglich am Flugzeugtrolley &#8211; TENTE Rollen sind \u00fcberall, wo Menschen sich bewegen.<\/p>\n\n\n\n<p>Robust, langlebig und sch\u00f6n<\/p>\n\n\n\n<p><\/p>\n\n\n\n<h2>TENTE Industrial<\/h2>\n\n\n\n<p>Geschaffen f\u00fcr den permanenten Einsatz unter TRansportger\u00e4ten oder Entsorgungscontainern, mit ausgereifter Technik, langlebiger Qualit\u00e4t und garantiert ohne Scheu vor Staub, Feuchtigkeit oder unebenen B\u00f6den.<\/p>\n\n\n\n<p><\/p>\n\n\n\n<h2>TENTE Medical<\/h2>\n\n\n\n<p>Unsere zentralfeststellbarem Bettenrollen leisten unverzichtbare Dienste &#8211; namhafte Hersteller von Krankenhaus- und Pflegebetten wissen das seit vielen Jahren zu sch\u00e4tzen.<\/p>\n\n\n\n<p><\/p>\n\n\n\n<h2>TENTE Heavy Duty<\/h2>\n\n\n\n<p>Absolut verl\u00e4sslich durch pr\u00e4zise Konstruktion und h\u00f6chste Belastbarkeit &#8211; wenn G\u00fcter mit tonnenschwerem Gewicht zu bewegen sind, sind die Produkte gleich zur Stelle.<\/p>\n\n\n\n<p><\/p>\n","protected":false},"excerpt":{"rendered":"<p>Individuelle Ma\u00dfanfertigungen vom Rollenhersteller TENTE Die R\u00e4der und Rollen werden aus hochwertigen Materialien wie Vollgummi oder Kunststoff gefertigt. Dabei agiert Tente Rollen stets zukunftsorientiert und achtet auf eine vorausschauende und nachhaltige Produktion mit umweltschonenden Materialien. TENTE Institutional Schick am Designerstuhl, unverw\u00fcstlich am Einkaufswagen, beweglich am Flugzeugtrolley &#8211; TENTE Rollen sind \u00fcberall, wo Menschen sich bewegen. [&hellip;]<\/p>\n","protected":false},"author":1,"featured_media":0,"parent":0,"menu_order":0,"comment_status":"closed","ping_status":"closed","template":"","meta":[],"_links":{"self":[{"href":"https:\/\/alt-krankenhaus-rollentechnik.de\/index.php?rest_route=\/wp\/v2\/pages\/178"}],"collection":[{"href":"https:\/\/alt-krankenhaus-rollentechnik.de\/index.php?rest_route=\/wp\/v2\/pages"}],"about":[{"href":"https:\/\/alt-krankenhaus-rollentechnik.de\/index.php?rest_route=\/wp\/v2\/types\/page"}],"author":[{"embeddable":true,"href":"https:\/\/alt-krankenhaus-rollentechnik.de\/index.php?rest_route=\/wp\/v2\/users\/1"}],"replies":[{"embeddable":true,"href":"https:\/\/alt-krankenhaus-rollentechnik.de\/index.php?rest_route=%2Fwp%2Fv2%2Fcomments&post=178"}],"version-history":[{"count":4,"href":"https:\/\/alt-krankenhaus-rollentechnik.de\/index.php?rest_route=\/wp\/v2\/pages\/178\/revisions"}],"predecessor-version":[{"id":298,"href":"https:\/\/alt-krankenhaus-rollentechnik.de\/index.php?rest_route=\/wp\/v2\/pages\/178\/revisions\/298"}],"wp:attachment":[{"href":"https:\/\/alt-krankenhaus-rollentechnik.de\/index.php?rest_route=%2Fwp%2Fv2%2Fmedia&parent=178"}],"curies":[{"name":"wp","href":"https:\/\/api.w.org\/{rel}","templated":true}]}}