{"id":17,"date":"2018-05-28T11:18:57","date_gmt":"2018-05-28T11:18:57","guid":{"rendered":"http:\/\/krankenhauszubehoer.de\/?page_id=17"},"modified":"2022-06-30T08:25:32","modified_gmt":"2022-06-30T08:25:32","slug":"nachttische","status":"publish","type":"page","link":"https:\/\/alt-krankenhaus-rollentechnik.de\/?page_id=17","title":{"rendered":"Nachttische"},"content":{"rendered":"\n<p>Wir f\u00fchren Zubeh\u00f6r f\u00fcr alle g\u00e4ngigen Nachttische.<\/p>\n\n\n\n<p>Sprechen Sie uns hierf\u00fcr einfach an.<\/p>\n\n\n\n<figure class=\"wp-container-2 wp-block-gallery-1 wp-block-gallery has-nested-images columns-default is-cropped\">\n<figure class=\"wp-block-image size-large\"><img loading=\"lazy\" width=\"273\" height=\"180\" data-id=\"422\"  src=\"https:\/\/krankenhauszubehoer.de\/wp-content\/uploads\/2022\/06\/200a15G075r5K-11.jpg\" alt=\"\" class=\"wp-image-422\"\/><\/figure>\n\n\n\n<figure class=\"wp-block-image size-large\"><img loading=\"lazy\" width=\"270\" height=\"180\" data-id=\"432\"  src=\"https:\/\/krankenhauszubehoer.de\/wp-content\/uploads\/2022\/06\/282a33a050bcgc.jpg\" alt=\"\" class=\"wp-image-432\"\/><\/figure>\n\n\n\n<figure class=\"wp-block-image size-large\"><img loading=\"lazy\" width=\"274\" height=\"180\" data-id=\"436\"  src=\"https:\/\/krankenhauszubehoer.de\/wp-content\/uploads\/2022\/06\/282a33C050aCK-11.jpg\" alt=\"\" class=\"wp-image-436\"\/><\/figure>\n\n\n\n<figure class=\"wp-block-image size-large\"><img loading=\"lazy\" width=\"285\" height=\"180\" data-id=\"428\"  src=\"https:\/\/krankenhauszubehoer.de\/wp-content\/uploads\/2022\/06\/282a33C050bCK-11.jpg\" alt=\"\" class=\"wp-image-428\"\/><\/figure>\n\n\n\n<figure class=\"wp-block-image size-large\"><img loading=\"lazy\" width=\"273\" height=\"180\" data-id=\"435\"  src=\"https:\/\/krankenhauszubehoer.de\/wp-content\/uploads\/2022\/06\/282b33C050aCGC.jpg\" alt=\"\" class=\"wp-image-435\"\/><\/figure>\n\n\n\n<figure class=\"wp-block-image size-large\"><img loading=\"lazy\" width=\"265\" height=\"180\" data-id=\"433\"  src=\"https:\/\/krankenhauszubehoer.de\/wp-content\/uploads\/2022\/06\/282b33C050bCGC.jpg\" alt=\"\" class=\"wp-image-433\"\/><\/figure>\n\n\n\n<figure class=\"wp-block-image size-large\"><img loading=\"lazy\" width=\"270\" height=\"180\" data-id=\"438\"  src=\"https:\/\/krankenhauszubehoer.de\/wp-content\/uploads\/2022\/06\/282b33C050bCK-11.jpg\" alt=\"\" class=\"wp-image-438\"\/><\/figure>\n\n\n\n<figure class=\"wp-block-image size-large\"><img loading=\"lazy\" width=\"270\" height=\"180\" data-id=\"437\"  src=\"https:\/\/krankenhauszubehoer.de\/wp-content\/uploads\/2022\/06\/286a00C050cWK-11.jpg\" alt=\"\" class=\"wp-image-437\"\/><\/figure>\n\n\n\n<figure class=\"wp-block-image size-large\"><img loading=\"lazy\" width=\"270\" height=\"180\" data-id=\"441\"  src=\"https:\/\/krankenhauszubehoer.de\/wp-content\/uploads\/2022\/06\/286a00G065vXK-11.jpg\" alt=\"\" class=\"wp-image-441\"\/><\/figure>\n\n\n\n<figure class=\"wp-block-image size-large\"><img loading=\"lazy\" width=\"267\" height=\"180\" data-id=\"440\"  src=\"https:\/\/krankenhauszubehoer.de\/wp-content\/uploads\/2022\/06\/286a00G100bCGC.jpg\" alt=\"\" class=\"wp-image-440\"\/><\/figure>\n\n\n\n<figure class=\"wp-block-image size-large\"><img loading=\"lazy\" width=\"273\" height=\"180\" data-id=\"439\"  src=\"https:\/\/krankenhauszubehoer.de\/wp-content\/uploads\/2022\/06\/300a00G075xXK-11.jpg\" alt=\"\" class=\"wp-image-439\"\/><\/figure>\n\n\n\n<figure class=\"wp-block-image size-large\"><img loading=\"lazy\" width=\"272\" height=\"180\" data-id=\"425\"  src=\"https:\/\/krankenhauszubehoer.de\/wp-content\/uploads\/2022\/06\/300b00G075xXK-11.jpg\" alt=\"\" class=\"wp-image-425\"\/><\/figure>\n\n\n\n<figure class=\"wp-block-image size-large\"><img loading=\"lazy\" width=\"270\" height=\"180\" data-id=\"424\"  src=\"https:\/\/krankenhauszubehoer.de\/wp-content\/uploads\/2022\/06\/alugriff.jpg\" alt=\"\" class=\"wp-image-424\"\/><\/figure>\n\n\n\n<figure class=\"wp-block-image size-large\"><img loading=\"lazy\" width=\"270\" height=\"180\" data-id=\"429\"  src=\"https:\/\/krankenhauszubehoer.de\/wp-content\/uploads\/2022\/06\/na-0038.jpg\" alt=\"\" class=\"wp-image-429\"\/><\/figure>\n\n\n\n<figure class=\"wp-block-image size-large\"><img loading=\"lazy\" width=\"270\" height=\"180\" data-id=\"431\"  src=\"https:\/\/krankenhauszubehoer.de\/wp-content\/uploads\/2022\/06\/na-0090.jpg\" alt=\"\" class=\"wp-image-431\"\/><\/figure>\n\n\n\n<figure class=\"wp-block-image size-large\"><img loading=\"lazy\" width=\"270\" height=\"180\" data-id=\"430\"  src=\"https:\/\/krankenhauszubehoer.de\/wp-content\/uploads\/2022\/06\/na-0101.jpg\" alt=\"\" class=\"wp-image-430\"\/><\/figure>\n\n\n\n<figure class=\"wp-block-image size-large\"><img loading=\"lazy\" width=\"271\" height=\"180\" data-id=\"427\"  src=\"https:\/\/krankenhauszubehoer.de\/wp-content\/uploads\/2022\/06\/na-0139.jpg\" alt=\"\" class=\"wp-image-427\"\/><\/figure>\n\n\n\n<figure class=\"wp-block-image size-large\"><img loading=\"lazy\" width=\"270\" height=\"180\" data-id=\"434\"  src=\"https:\/\/krankenhauszubehoer.de\/wp-content\/uploads\/2022\/06\/na-0282.jpg\" alt=\"\" class=\"wp-image-434\"\/><\/figure>\n\n\n\n<figure class=\"wp-block-image size-large\"><img loading=\"lazy\" width=\"270\" height=\"180\" data-id=\"421\"  src=\"https:\/\/krankenhauszubehoer.de\/wp-content\/uploads\/2022\/06\/na-0284.jpg\" alt=\"\" class=\"wp-image-421\"\/><\/figure>\n\n\n\n<figure class=\"wp-block-image size-large\"><img loading=\"lazy\" width=\"270\" height=\"180\" data-id=\"426\"  src=\"https:\/\/krankenhauszubehoer.de\/wp-content\/uploads\/2022\/06\/na-0312.jpg\" alt=\"\" class=\"wp-image-426\"\/><\/figure>\n\n\n\n<figure class=\"wp-block-image size-large\"><img loading=\"lazy\" width=\"270\" height=\"180\" data-id=\"423\"  src=\"https:\/\/krankenhauszubehoer.de\/wp-content\/uploads\/2022\/06\/na-0314.jpg\" alt=\"\" class=\"wp-image-423\"\/><\/figure>\n\n\n\n<figure class=\"wp-block-image size-large\"><img loading=\"lazy\" width=\"276\" height=\"180\" data-id=\"442\"  src=\"https:\/\/krankenhauszubehoer.de\/wp-content\/uploads\/2022\/06\/na-0800.jpg\" alt=\"\" class=\"wp-image-442\"\/><\/figure>\n<\/figure>\n","protected":false},"excerpt":{"rendered":"<p>Wir f\u00fchren Zubeh\u00f6r f\u00fcr alle g\u00e4ngigen Nachttische. Sprechen Sie uns hierf\u00fcr einfach an.<\/p>\n","protected":false},"author":1,"featured_media":0,"parent":0,"menu_order":0,"comment_status":"closed","ping_status":"closed","template":"","meta":[],"_links":{"self":[{"href":"https:\/\/alt-krankenhaus-rollentechnik.de\/index.php?rest_route=\/wp\/v2\/pages\/17"}],"collection":[{"href":"https:\/\/alt-krankenhaus-rollentechnik.de\/index.php?rest_route=\/wp\/v2\/pages"}],"about":[{"href":"https:\/\/alt-krankenhaus-rollentechnik.de\/index.php?rest_route=\/wp\/v2\/types\/page"}],"author":[{"embeddable":true,"href":"https:\/\/alt-krankenhaus-rollentechnik.de\/index.php?rest_route=\/wp\/v2\/users\/1"}],"replies":[{"embeddable":true,"href":"https:\/\/alt-krankenhaus-rollentechnik.de\/index.php?rest_route=%2Fwp%2Fv2%2Fcomments&post=17"}],"version-history":[{"count":3,"href":"https:\/\/alt-krankenhaus-rollentechnik.de\/index.php?rest_route=\/wp\/v2\/pages\/17\/revisions"}],"predecessor-version":[{"id":469,"href":"https:\/\/alt-krankenhaus-rollentechnik.de\/index.php?rest_route=\/wp\/v2\/pages\/17\/revisions\/469"}],"wp:attachment":[{"href":"https:\/\/alt-krankenhaus-rollentechnik.de\/index.php?rest_route=%2Fwp%2Fv2%2Fmedia&parent=17"}],"curies":[{"name":"wp","href":"https:\/\/api.w.org\/{rel}","templated":true}]}}