{"id":16,"date":"2018-05-28T11:18:57","date_gmt":"2018-05-28T11:18:57","guid":{"rendered":"http:\/\/krankenhauszubehoer.de\/?page_id=16"},"modified":"2022-06-30T08:23:14","modified_gmt":"2022-06-30T08:23:14","slug":"krankenbetten","status":"publish","type":"page","link":"https:\/\/alt-krankenhaus-rollentechnik.de\/?page_id=16","title":{"rendered":"Zubeh\u00f6r f\u00fcr Krankenbetten"},"content":{"rendered":"<p>\u00a0<\/p>\n<p>Wir f\u00fchren Zubeh\u00f6r f\u00fcr alle g\u00e4ngigen Krankenbetten.<\/p>\n<p>Sprechen Sie uns hierf\u00fcr einfach an.<\/p>\n<p>\u00a0<\/p>\n\n\n<figure class=\"wp-container-2 wp-block-gallery-1 wp-block-gallery has-nested-images columns-default is-cropped\">\n<figure class=\"wp-block-image size-large\"><img loading=\"lazy\" width=\"270\" height=\"180\" data-id=\"381\"  src=\"https:\/\/krankenhauszubehoer.de\/wp-content\/uploads\/2022\/06\/1950034.jpg\" alt=\"\" class=\"wp-image-381\"\/><\/figure>\n\n\n\n<figure class=\"wp-block-image size-large\"><img loading=\"lazy\" width=\"270\" height=\"180\" data-id=\"382\"  src=\"https:\/\/krankenhauszubehoer.de\/wp-content\/uploads\/2022\/06\/9511154c-1.jpg\" alt=\"\" class=\"wp-image-382\"\/><\/figure>\n\n\n\n<figure class=\"wp-block-image size-large\"><img loading=\"lazy\" width=\"270\" height=\"180\" data-id=\"383\"  src=\"https:\/\/krankenhauszubehoer.de\/wp-content\/uploads\/2022\/06\/asp-7001.jpg\" alt=\"\" class=\"wp-image-383\"\/><\/figure>\n\n\n\n<figure class=\"wp-block-image size-large\"><img loading=\"lazy\" width=\"270\" height=\"180\" data-id=\"384\"  src=\"https:\/\/krankenhauszubehoer.de\/wp-content\/uploads\/2022\/06\/f114511058c-1.jpg\" alt=\"\" class=\"wp-image-384\"\/><\/figure>\n\n\n\n<figure class=\"wp-block-image size-large\"><img loading=\"lazy\" width=\"270\" height=\"180\" data-id=\"385\"  src=\"https:\/\/krankenhauszubehoer.de\/wp-content\/uploads\/2022\/06\/gasdruckfeder.jpg\" alt=\"\" class=\"wp-image-385\"\/><\/figure>\n\n\n\n<figure class=\"wp-block-image size-large\"><img loading=\"lazy\" width=\"270\" height=\"180\" data-id=\"386\"  src=\"https:\/\/krankenhauszubehoer.de\/wp-content\/uploads\/2022\/06\/gasfeder-starr.jpg\" alt=\"\" class=\"wp-image-386\"\/><\/figure>\n\n\n\n<figure class=\"wp-block-image size-large\"><img loading=\"lazy\" width=\"270\" height=\"180\" data-id=\"387\"  src=\"https:\/\/krankenhauszubehoer.de\/wp-content\/uploads\/2022\/06\/klemmhebel.jpg\" alt=\"\" class=\"wp-image-387\"\/><\/figure>\n\n\n\n<figure class=\"wp-block-image size-large\"><img loading=\"lazy\" width=\"270\" height=\"180\" data-id=\"388\"  src=\"https:\/\/krankenhauszubehoer.de\/wp-content\/uploads\/2022\/06\/ksl.jpg\" alt=\"\" class=\"wp-image-388\"\/><\/figure>\n\n\n\n<figure class=\"wp-block-image size-large\"><img loading=\"lazy\" width=\"270\" height=\"180\" data-id=\"389\"  src=\"https:\/\/krankenhauszubehoer.de\/wp-content\/uploads\/2022\/06\/ksl-sk.jpg\" alt=\"\" class=\"wp-image-389\"\/><\/figure>\n\n\n\n<figure class=\"wp-block-image size-large\"><img loading=\"lazy\" width=\"270\" height=\"180\" data-id=\"390\"  src=\"https:\/\/krankenhauszubehoer.de\/wp-content\/uploads\/2022\/06\/kugelkopf.jpg\" alt=\"\" class=\"wp-image-390\"\/><\/figure>\n\n\n\n<figure class=\"wp-block-image size-large\"><img loading=\"lazy\" width=\"269\" height=\"180\" data-id=\"391\"  src=\"https:\/\/krankenhauszubehoer.de\/wp-content\/uploads\/2022\/06\/na-0028-1.jpg\" alt=\"\" class=\"wp-image-391\"\/><\/figure>\n\n\n\n<figure class=\"wp-block-image size-large\"><img loading=\"lazy\" width=\"270\" height=\"180\" data-id=\"392\"  src=\"https:\/\/krankenhauszubehoer.de\/wp-content\/uploads\/2022\/06\/na-0031-1.jpg\" alt=\"\" class=\"wp-image-392\"\/><\/figure>\n\n\n\n<figure class=\"wp-block-image size-large\"><img loading=\"lazy\" width=\"270\" height=\"180\" data-id=\"393\"  src=\"https:\/\/krankenhauszubehoer.de\/wp-content\/uploads\/2022\/06\/na-0066.jpg\" alt=\"\" class=\"wp-image-393\"\/><\/figure>\n\n\n\n<figure class=\"wp-block-image size-large\"><img loading=\"lazy\" width=\"270\" height=\"180\" data-id=\"394\"  src=\"https:\/\/krankenhauszubehoer.de\/wp-content\/uploads\/2022\/06\/na-0070-1.jpg\" alt=\"\" class=\"wp-image-394\"\/><\/figure>\n\n\n\n<figure class=\"wp-block-image size-large\"><img loading=\"lazy\" width=\"270\" height=\"180\" data-id=\"395\"  src=\"https:\/\/krankenhauszubehoer.de\/wp-content\/uploads\/2022\/06\/na-0088.jpg\" alt=\"\" class=\"wp-image-395\"\/><\/figure>\n\n\n\n<figure class=\"wp-block-image size-large\"><img loading=\"lazy\" width=\"270\" height=\"180\" data-id=\"396\"  src=\"https:\/\/krankenhauszubehoer.de\/wp-content\/uploads\/2022\/06\/na-0092.jpg\" alt=\"\" class=\"wp-image-396\"\/><\/figure>\n\n\n\n<figure class=\"wp-block-image size-large\"><img loading=\"lazy\" width=\"270\" height=\"180\" data-id=\"397\"  src=\"https:\/\/krankenhauszubehoer.de\/wp-content\/uploads\/2022\/06\/na-0095.jpg\" alt=\"\" class=\"wp-image-397\"\/><\/figure>\n\n\n\n<figure class=\"wp-block-image size-large\"><img loading=\"lazy\" width=\"270\" height=\"180\" data-id=\"398\"  src=\"https:\/\/krankenhauszubehoer.de\/wp-content\/uploads\/2022\/06\/na-0102-1.jpg\" alt=\"\" class=\"wp-image-398\"\/><\/figure>\n\n\n\n<figure class=\"wp-block-image size-large\"><img loading=\"lazy\" width=\"270\" height=\"180\" data-id=\"399\"  src=\"https:\/\/krankenhauszubehoer.de\/wp-content\/uploads\/2022\/06\/na-0128.jpg\" alt=\"\" class=\"wp-image-399\"\/><\/figure>\n\n\n\n<figure class=\"wp-block-image size-large\"><img loading=\"lazy\" width=\"270\" height=\"180\" data-id=\"400\"  src=\"https:\/\/krankenhauszubehoer.de\/wp-content\/uploads\/2022\/06\/na-0145.jpg\" alt=\"\" class=\"wp-image-400\"\/><\/figure>\n\n\n\n<figure class=\"wp-block-image size-large\"><img loading=\"lazy\" width=\"270\" height=\"180\" data-id=\"401\"  src=\"https:\/\/krankenhauszubehoer.de\/wp-content\/uploads\/2022\/06\/na-0148.jpg\" alt=\"\" class=\"wp-image-401\"\/><\/figure>\n\n\n\n<figure class=\"wp-block-image size-large\"><img loading=\"lazy\" width=\"270\" height=\"180\" data-id=\"402\"  src=\"https:\/\/krankenhauszubehoer.de\/wp-content\/uploads\/2022\/06\/na-0176.jpg\" alt=\"\" class=\"wp-image-402\"\/><\/figure>\n\n\n\n<figure class=\"wp-block-image size-large\"><img loading=\"lazy\" width=\"270\" height=\"180\" data-id=\"403\"  src=\"https:\/\/krankenhauszubehoer.de\/wp-content\/uploads\/2022\/06\/na-0254-1.jpg\" alt=\"\" class=\"wp-image-403\"\/><\/figure>\n\n\n\n<figure class=\"wp-block-image size-large\"><img loading=\"lazy\" width=\"270\" height=\"180\" data-id=\"404\"  src=\"https:\/\/krankenhauszubehoer.de\/wp-content\/uploads\/2022\/06\/na-0283.jpg\" alt=\"\" class=\"wp-image-404\"\/><\/figure>\n\n\n\n<figure class=\"wp-block-image size-large\"><img loading=\"lazy\" width=\"270\" height=\"180\" data-id=\"405\"  src=\"https:\/\/krankenhauszubehoer.de\/wp-content\/uploads\/2022\/06\/na-0302-1.jpg\" alt=\"\" class=\"wp-image-405\"\/><\/figure>\n\n\n\n<figure class=\"wp-block-image size-large\"><img loading=\"lazy\" width=\"270\" height=\"180\" data-id=\"406\"  src=\"https:\/\/krankenhauszubehoer.de\/wp-content\/uploads\/2022\/06\/na-0303-1.jpg\" alt=\"\" class=\"wp-image-406\"\/><\/figure>\n\n\n\n<figure class=\"wp-block-image size-large\"><img loading=\"lazy\" width=\"270\" height=\"180\" data-id=\"407\"  src=\"https:\/\/krankenhauszubehoer.de\/wp-content\/uploads\/2022\/06\/na-0304-1.jpg\" alt=\"\" class=\"wp-image-407\"\/><\/figure>\n\n\n\n<figure class=\"wp-block-image size-large\"><img loading=\"lazy\" width=\"239\" height=\"180\" data-id=\"408\"  src=\"https:\/\/krankenhauszubehoer.de\/wp-content\/uploads\/2022\/06\/na-0305.jpg\" alt=\"\" class=\"wp-image-408\"\/><\/figure>\n\n\n\n<figure class=\"wp-block-image size-large\"><img loading=\"lazy\" width=\"270\" height=\"180\" data-id=\"409\"  src=\"https:\/\/krankenhauszubehoer.de\/wp-content\/uploads\/2022\/06\/na-0306.jpg\" alt=\"\" class=\"wp-image-409\"\/><\/figure>\n\n\n\n<figure class=\"wp-block-image size-large\"><img loading=\"lazy\" width=\"270\" height=\"180\" data-id=\"410\"  src=\"https:\/\/krankenhauszubehoer.de\/wp-content\/uploads\/2022\/06\/na-0308.jpg\" alt=\"\" class=\"wp-image-410\"\/><\/figure>\n\n\n\n<figure class=\"wp-block-image size-large\"><img loading=\"lazy\" width=\"270\" height=\"180\" data-id=\"411\"  src=\"https:\/\/krankenhauszubehoer.de\/wp-content\/uploads\/2022\/06\/na-0310.jpg\" alt=\"\" class=\"wp-image-411\"\/><\/figure>\n\n\n\n<figure class=\"wp-block-image size-large\"><img loading=\"lazy\" width=\"270\" height=\"180\" data-id=\"412\"  src=\"https:\/\/krankenhauszubehoer.de\/wp-content\/uploads\/2022\/06\/na-0311.jpg\" alt=\"\" class=\"wp-image-412\"\/><\/figure>\n\n\n\n<figure class=\"wp-block-image size-large\"><img loading=\"lazy\" width=\"270\" height=\"180\" data-id=\"413\"  src=\"https:\/\/krankenhauszubehoer.de\/wp-content\/uploads\/2022\/06\/na-0323-1.jpg\" alt=\"\" class=\"wp-image-413\"\/><\/figure>\n\n\n\n<figure class=\"wp-block-image size-large\"><img loading=\"lazy\" width=\"270\" height=\"180\" data-id=\"414\"  src=\"https:\/\/krankenhauszubehoer.de\/wp-content\/uploads\/2022\/06\/nak-32-40-1.jpg\" alt=\"\" class=\"wp-image-414\"\/><\/figure>\n\n\n\n<figure class=\"wp-block-image size-large\"><img loading=\"lazy\" width=\"270\" height=\"180\" data-id=\"415\"  src=\"https:\/\/krankenhauszubehoer.de\/wp-content\/uploads\/2022\/06\/sterngriffschraube.jpg\" alt=\"\" class=\"wp-image-415\"\/><\/figure>\n\n\n\n<figure class=\"wp-block-image size-large\"><img loading=\"lazy\" width=\"270\" height=\"180\" data-id=\"416\"  src=\"https:\/\/krankenhauszubehoer.de\/wp-content\/uploads\/2022\/06\/war-100.jpg\" alt=\"\" class=\"wp-image-416\"\/><\/figure>\n<\/figure>\n","protected":false},"excerpt":{"rendered":"<p>\u00a0 Wir f\u00fchren Zubeh\u00f6r f\u00fcr alle g\u00e4ngigen Krankenbetten. Sprechen Sie uns hierf\u00fcr einfach an. \u00a0<\/p>\n","protected":false},"author":1,"featured_media":0,"parent":0,"menu_order":0,"comment_status":"closed","ping_status":"closed","template":"","meta":[],"_links":{"self":[{"href":"https:\/\/alt-krankenhaus-rollentechnik.de\/index.php?rest_route=\/wp\/v2\/pages\/16"}],"collection":[{"href":"https:\/\/alt-krankenhaus-rollentechnik.de\/index.php?rest_route=\/wp\/v2\/pages"}],"about":[{"href":"https:\/\/alt-krankenhaus-rollentechnik.de\/index.php?rest_route=\/wp\/v2\/types\/page"}],"author":[{"embeddable":true,"href":"https:\/\/alt-krankenhaus-rollentechnik.de\/index.php?rest_route=\/wp\/v2\/users\/1"}],"replies":[{"embeddable":true,"href":"https:\/\/alt-krankenhaus-rollentechnik.de\/index.php?rest_route=%2Fwp%2Fv2%2Fcomments&post=16"}],"version-history":[{"count":11,"href":"https:\/\/alt-krankenhaus-rollentechnik.de\/index.php?rest_route=\/wp\/v2\/pages\/16\/revisions"}],"predecessor-version":[{"id":420,"href":"https:\/\/alt-krankenhaus-rollentechnik.de\/index.php?rest_route=\/wp\/v2\/pages\/16\/revisions\/420"}],"wp:attachment":[{"href":"https:\/\/alt-krankenhaus-rollentechnik.de\/index.php?rest_route=%2Fwp%2Fv2%2Fmedia&parent=16"}],"curies":[{"name":"wp","href":"https:\/\/api.w.org\/{rel}","templated":true}]}}